{"id":1635,"date":"2025-12-22T14:21:40","date_gmt":"2025-12-22T14:21:40","guid":{"rendered":"https:\/\/istriarowingcup.com\/press\/"},"modified":"2026-01-16T11:44:40","modified_gmt":"2026-01-16T11:44:40","slug":"press","status":"publish","type":"page","link":"https:\/\/istriarowingcup.com\/en\/press\/","title":{"rendered":"Press"},"content":{"rendered":"\t\t<div data-elementor-type=\"wp-page\" data-elementor-id=\"1635\" class=\"elementor elementor-1635 elementor-1563\" data-elementor-post-type=\"page\">\n\t\t\t\t<div class=\"elementor-element elementor-element-444e7bc e-con-full e-flex e-con e-parent\" data-id=\"444e7bc\" data-element_type=\"container\" data-settings=\"{&quot;background_background&quot;:&quot;classic&quot;}\">\n\t\t\t\t<div class=\"elementor-element elementor-element-41b6d3b animated-slow elementor-invisible elementor-widget elementor-widget-heading\" data-id=\"41b6d3b\" data-element_type=\"widget\" data-settings=\"{&quot;_animation&quot;:&quot;slideInUp&quot;}\" data-widget_type=\"heading.default\">\n\t\t\t\t<div class=\"elementor-widget-container\">\n\t\t\t<h2 class=\"elementor-heading-title elementor-size-default\">Press<\/h2>\t\t<\/div>\n\t\t\t\t<\/div>\n\t\t\t\t<\/div>\n\t\t<div class=\"elementor-element elementor-element-97d8d19 e-flex e-con-boxed e-con e-parent\" data-id=\"97d8d19\" data-element_type=\"container\">\n\t\t\t\t\t<div class=\"e-con-inner\">\n\t\t\t\t<div class=\"elementor-element elementor-element-a4995e8 elementor-widget elementor-widget-text-editor\" data-id=\"a4995e8\" data-element_type=\"widget\" data-widget_type=\"text-editor.default\">\n\t\t\t\t<div class=\"elementor-widget-container\">\n\t\t\t\t\t\t\t<p><span style=\"font-weight: 400;\">PR Contact<\/span><\/p><p><span style=\"font-weight: 400;\">Sini\u0161a Bo\u017ei\u0107<\/span><\/p><p>\u00a0<\/p><p><span style=\"font-weight: 400;\">Contact email address: <\/span><a href=\"mailto:press@istriarowingcup.com\"><span style=\"font-weight: 400;\">press@istriarowingcup.com<\/span><\/a><span style=\"font-weight: 400;\">\u00a0<\/span><\/p><p>\u00a0<\/p><p><span style=\"font-weight: 400;\">Do you want to follow Istria Rowing Cup as a media representative?<\/span><\/p><p><span style=\"font-weight: 400;\">Press accreditation is obtained by sending an email exclusively from a business email address to <\/span><a href=\"mailto:press@istriarowingcup.com\"><span style=\"font-weight: 400;\">press@istriarowingcup.com<\/span><\/a><\/p><p><span style=\"font-weight: 400;\">Each accreditation must be confirmed by the organizing team. In order to issue the accreditation, it is necessary to provide the first and last name as well as the business e-mail address and the name of the editorial office, otherwise the accreditation will not be approved.<\/span><\/p><p>\u00a0<\/p><p><span style=\"font-weight: 400;\">We look forward to meeting you in Rovinj and Vrsar!<\/span><\/p>\t\t\t\t\t\t<\/div>\n\t\t\t\t<\/div>\n\t\t\t\t\t<\/div>\n\t\t\t\t<\/div>\n\t\t\t\t<\/div>\n\t\t","protected":false},"excerpt":{"rendered":"<p>Press PR Contact Sini\u0161a Bo\u017ei\u0107 \u00a0 Contact email address: press@istriarowingcup.com\u00a0 \u00a0 Do you want to follow Istria Rowing Cup as [&hellip;]<\/p>\n","protected":false},"author":3,"featured_media":0,"parent":0,"menu_order":0,"comment_status":"closed","ping_status":"closed","template":"elementor_header_footer","meta":{"inline_featured_image":false,"site-sidebar-layout":"no-sidebar","site-content-layout":"","ast-site-content-layout":"full-width-container","site-content-style":"default","site-sidebar-style":"default","ast-global-header-display":"","ast-banner-title-visibility":"","ast-main-header-display":"","ast-hfb-above-header-display":"","ast-hfb-below-header-display":"","ast-hfb-mobile-header-display":"","site-post-title":"disabled","ast-breadcrumbs-content":"","ast-featured-img":"disabled","footer-sml-layout":"","theme-transparent-header-meta":"","adv-header-id-meta":"","stick-header-meta":"","header-above-stick-meta":"","header-main-stick-meta":"","header-below-stick-meta":"","astra-migrate-meta-layouts":"default","ast-page-background-enabled":"default","ast-page-background-meta":{"desktop":{"background-color":"var(--ast-global-color-4)","background-image":"","background-repeat":"repeat","background-position":"center center","background-size":"auto","background-attachment":"scroll","background-type":"","background-media":"","overlay-type":"","overlay-color":"","overlay-opacity":"","overlay-gradient":""},"tablet":{"background-color":"","background-image":"","background-repeat":"repeat","background-position":"center center","background-size":"auto","background-attachment":"scroll","background-type":"","background-media":"","overlay-type":"","overlay-color":"","overlay-opacity":"","overlay-gradient":""},"mobile":{"background-color":"","background-image":"","background-repeat":"repeat","background-position":"center center","background-size":"auto","background-attachment":"scroll","background-type":"","background-media":"","overlay-type":"","overlay-color":"","overlay-opacity":"","overlay-gradient":""}},"ast-content-background-meta":{"desktop":{"background-color":"var(--ast-global-color-5)","background-image":"","background-repeat":"repeat","background-position":"center center","background-size":"auto","background-attachment":"scroll","background-type":"","background-media":"","overlay-type":"","overlay-color":"","overlay-opacity":"","overlay-gradient":""},"tablet":{"background-color":"var(--ast-global-color-5)","background-image":"","background-repeat":"repeat","background-position":"center center","background-size":"auto","background-attachment":"scroll","background-type":"","background-media":"","overlay-type":"","overlay-color":"","overlay-opacity":"","overlay-gradient":""},"mobile":{"background-color":"var(--ast-global-color-5)","background-image":"","background-repeat":"repeat","background-position":"center center","background-size":"auto","background-attachment":"scroll","background-type":"","background-media":"","overlay-type":"","overlay-color":"","overlay-opacity":"","overlay-gradient":""}},"footnotes":""},"class_list":["post-1635","page","type-page","status-publish","hentry"],"_links":{"self":[{"href":"https:\/\/istriarowingcup.com\/en\/wp-json\/wp\/v2\/pages\/1635","targetHints":{"allow":["GET"]}}],"collection":[{"href":"https:\/\/istriarowingcup.com\/en\/wp-json\/wp\/v2\/pages"}],"about":[{"href":"https:\/\/istriarowingcup.com\/en\/wp-json\/wp\/v2\/types\/page"}],"author":[{"embeddable":true,"href":"https:\/\/istriarowingcup.com\/en\/wp-json\/wp\/v2\/users\/3"}],"replies":[{"embeddable":true,"href":"https:\/\/istriarowingcup.com\/en\/wp-json\/wp\/v2\/comments?post=1635"}],"version-history":[{"count":7,"href":"https:\/\/istriarowingcup.com\/en\/wp-json\/wp\/v2\/pages\/1635\/revisions"}],"predecessor-version":[{"id":1722,"href":"https:\/\/istriarowingcup.com\/en\/wp-json\/wp\/v2\/pages\/1635\/revisions\/1722"}],"wp:attachment":[{"href":"https:\/\/istriarowingcup.com\/en\/wp-json\/wp\/v2\/media?parent=1635"}],"curies":[{"name":"wp","href":"https:\/\/api.w.org\/{rel}","templated":true}]}}